{"id":128,"date":"2013-08-09T19:12:46","date_gmt":"2013-08-09T18:12:46","guid":{"rendered":"http:\/\/www.gite-du-prieure.be\/?page_id=128"},"modified":"2016-10-25T00:04:20","modified_gmt":"2016-10-24T23:04:20","slug":"128-2","status":"publish","type":"page","link":"https:\/\/www.gite-du-prieure.be\/en\/128-2\/","title":{"rendered":"Find us"},"content":{"rendered":"<h2>our Address<\/h2>\n<p>Street R\u00e9gni\u00e9 Durette, 11<\/p>\n<p>5101 Erpent<\/p>\n<div class=\"sc-separator type-thin\"><\/div>\n<h2>Coming from Luxembourg<\/h2>\n<ul>\n<li>On the E411, exit n \u00b0 15<\/li>\n<li>follow \u00a0&#8220;Jambes&#8221; and take &#8220;Chauss\u00e9e de Li\u00e8ge&#8221;<\/li>\n<li>After 200m, turn on the first road to the left (Erpent Val)<\/li>\n<li>up the street of Erpent Val (1km)<\/li>\n<li>at the top of the hill, take the first street on the left.<\/li>\n<\/ul>\n<h2>\nFrom Brussels &#8211; Li\u00e8ge &#8211; Charleroi<\/h2>\n<ul>\n<li>the E411, exit n \u00b0 15<\/li>\n<li>follow &#8220;Jambes&#8221; and take &#8220;Chauss\u00e9e de Li\u00e8ge&#8221;<\/li>\n<li>After 200m, turn on the first road to the left\u00a0(Erpent Val)<\/li>\n<li>up the street of Erpent Val (1km)<\/li>\n<li>at the top of the hill, take the first street on the left.<\/li>\n<\/ul>\n<h2>\nFrom Namur<\/h2>\n<ul>\n<li>take the N4 towards &#8220;Marche-en-Famenne&#8221;<\/li>\n<li>the third traffic light, turn left<\/li>\n<li>down the Avenue des Acacias and take the fourth street on the right.<\/li>\n<\/ul>\n<p>&nbsp;<\/p>\n<div class=\"sc-separator type-thin\"><\/div>\n","protected":false},"excerpt":{"rendered":"<p>our Address Street R\u00e9gni\u00e9 Durette, 11 5101 Erpent Coming from Luxembourg On the E411, exit n \u00b0 15 follow \u00a0&#8220;Jambes&#8221; and take &#8220;Chauss\u00e9e de&#8230;<\/p>\n","protected":false},"author":5,"featured_media":0,"parent":0,"menu_order":0,"comment_status":"open","ping_status":"open","template":"","meta":{"ngg_post_thumbnail":0,"footnotes":""},"class_list":["post-128","page","type-page","status-publish","hentry","post-item","post-even"],"yoast_head":"<!-- This site is optimized with the Yoast SEO plugin v27.4 - https:\/\/yoast.com\/product\/yoast-seo-wordpress\/ -->\n<title>Find us - G\u00eete du prieur\u00e9<\/title>\n<meta name=\"robots\" content=\"index, follow, max-snippet:-1, max-image-preview:large, max-video-preview:-1\" \/>\n<link rel=\"canonical\" href=\"https:\/\/www.gite-du-prieure.be\/en\/128-2\/\" \/>\n<meta property=\"og:locale\" content=\"en_US\" \/>\n<meta property=\"og:type\" content=\"article\" \/>\n<meta property=\"og:title\" content=\"Find us - G\u00eete du prieur\u00e9\" \/>\n<meta property=\"og:description\" content=\"our Address Street R\u00e9gni\u00e9 Durette, 11 5101 Erpent Coming from Luxembourg On the E411, exit n \u00b0 15 follow \u00a0&#8220;Jambes&#8221; and take &#8220;Chauss\u00e9e de...\" \/>\n<meta property=\"og:url\" content=\"https:\/\/www.gite-du-prieure.be\/en\/128-2\/\" \/>\n<meta property=\"og:site_name\" content=\"G\u00eete du prieur\u00e9\" \/>\n<meta property=\"article:modified_time\" content=\"2016-10-24T23:04:20+00:00\" \/>\n<meta name=\"twitter:card\" content=\"summary_large_image\" \/>\n<meta name=\"twitter:label1\" content=\"Est. reading time\" \/>\n\t<meta name=\"twitter:data1\" content=\"1 minute\" \/>\n<script type=\"application\/ld+json\" class=\"yoast-schema-graph\">{\"@context\":\"https:\\\/\\\/schema.org\",\"@graph\":[{\"@type\":\"WebPage\",\"@id\":\"https:\\\/\\\/www.gite-du-prieure.be\\\/en\\\/128-2\\\/\",\"url\":\"https:\\\/\\\/www.gite-du-prieure.be\\\/en\\\/128-2\\\/\",\"name\":\"Find us - G\u00eete du prieur\u00e9\",\"isPartOf\":{\"@id\":\"https:\\\/\\\/www.gite-du-prieure.be\\\/en\\\/#website\"},\"datePublished\":\"2013-08-09T18:12:46+00:00\",\"dateModified\":\"2016-10-24T23:04:20+00:00\",\"breadcrumb\":{\"@id\":\"https:\\\/\\\/www.gite-du-prieure.be\\\/en\\\/128-2\\\/#breadcrumb\"},\"inLanguage\":\"en-US\",\"potentialAction\":[{\"@type\":\"ReadAction\",\"target\":[\"https:\\\/\\\/www.gite-du-prieure.be\\\/en\\\/128-2\\\/\"]}]},{\"@type\":\"BreadcrumbList\",\"@id\":\"https:\\\/\\\/www.gite-du-prieure.be\\\/en\\\/128-2\\\/#breadcrumb\",\"itemListElement\":[{\"@type\":\"ListItem\",\"position\":1,\"name\":\"Accueil\",\"item\":\"https:\\\/\\\/www.gite-du-prieure.be\\\/en\\\/\"},{\"@type\":\"ListItem\",\"position\":2,\"name\":\"Find us\"}]},{\"@type\":\"WebSite\",\"@id\":\"https:\\\/\\\/www.gite-du-prieure.be\\\/en\\\/#website\",\"url\":\"https:\\\/\\\/www.gite-du-prieure.be\\\/en\\\/\",\"name\":\"G\u00eete du prieur\u00e9\",\"description\":\"Charming cottage in Namur\",\"potentialAction\":[{\"@type\":\"SearchAction\",\"target\":{\"@type\":\"EntryPoint\",\"urlTemplate\":\"https:\\\/\\\/www.gite-du-prieure.be\\\/en\\\/?s={search_term_string}\"},\"query-input\":{\"@type\":\"PropertyValueSpecification\",\"valueRequired\":true,\"valueName\":\"search_term_string\"}}],\"inLanguage\":\"en-US\"}]}<\/script>\n<!-- \/ Yoast SEO plugin. -->","yoast_head_json":{"title":"Find us - G\u00eete du prieur\u00e9","robots":{"index":"index","follow":"follow","max-snippet":"max-snippet:-1","max-image-preview":"max-image-preview:large","max-video-preview":"max-video-preview:-1"},"canonical":"https:\/\/www.gite-du-prieure.be\/en\/128-2\/","og_locale":"en_US","og_type":"article","og_title":"Find us - G\u00eete du prieur\u00e9","og_description":"our Address Street R\u00e9gni\u00e9 Durette, 11 5101 Erpent Coming from Luxembourg On the E411, exit n \u00b0 15 follow \u00a0&#8220;Jambes&#8221; and take &#8220;Chauss\u00e9e de...","og_url":"https:\/\/www.gite-du-prieure.be\/en\/128-2\/","og_site_name":"G\u00eete du prieur\u00e9","article_modified_time":"2016-10-24T23:04:20+00:00","twitter_card":"summary_large_image","twitter_misc":{"Est. reading time":"1 minute"},"schema":{"@context":"https:\/\/schema.org","@graph":[{"@type":"WebPage","@id":"https:\/\/www.gite-du-prieure.be\/en\/128-2\/","url":"https:\/\/www.gite-du-prieure.be\/en\/128-2\/","name":"Find us - G\u00eete du prieur\u00e9","isPartOf":{"@id":"https:\/\/www.gite-du-prieure.be\/en\/#website"},"datePublished":"2013-08-09T18:12:46+00:00","dateModified":"2016-10-24T23:04:20+00:00","breadcrumb":{"@id":"https:\/\/www.gite-du-prieure.be\/en\/128-2\/#breadcrumb"},"inLanguage":"en-US","potentialAction":[{"@type":"ReadAction","target":["https:\/\/www.gite-du-prieure.be\/en\/128-2\/"]}]},{"@type":"BreadcrumbList","@id":"https:\/\/www.gite-du-prieure.be\/en\/128-2\/#breadcrumb","itemListElement":[{"@type":"ListItem","position":1,"name":"Accueil","item":"https:\/\/www.gite-du-prieure.be\/en\/"},{"@type":"ListItem","position":2,"name":"Find us"}]},{"@type":"WebSite","@id":"https:\/\/www.gite-du-prieure.be\/en\/#website","url":"https:\/\/www.gite-du-prieure.be\/en\/","name":"G\u00eete du prieur\u00e9","description":"Charming cottage in Namur","potentialAction":[{"@type":"SearchAction","target":{"@type":"EntryPoint","urlTemplate":"https:\/\/www.gite-du-prieure.be\/en\/?s={search_term_string}"},"query-input":{"@type":"PropertyValueSpecification","valueRequired":true,"valueName":"search_term_string"}}],"inLanguage":"en-US"}]}},"_links":{"self":[{"href":"https:\/\/www.gite-du-prieure.be\/en\/wp-json\/wp\/v2\/pages\/128","targetHints":{"allow":["GET"]}}],"collection":[{"href":"https:\/\/www.gite-du-prieure.be\/en\/wp-json\/wp\/v2\/pages"}],"about":[{"href":"https:\/\/www.gite-du-prieure.be\/en\/wp-json\/wp\/v2\/types\/page"}],"author":[{"embeddable":true,"href":"https:\/\/www.gite-du-prieure.be\/en\/wp-json\/wp\/v2\/users\/5"}],"replies":[{"embeddable":true,"href":"https:\/\/www.gite-du-prieure.be\/en\/wp-json\/wp\/v2\/comments?post=128"}],"version-history":[{"count":0,"href":"https:\/\/www.gite-du-prieure.be\/en\/wp-json\/wp\/v2\/pages\/128\/revisions"}],"wp:attachment":[{"href":"https:\/\/www.gite-du-prieure.be\/en\/wp-json\/wp\/v2\/media?parent=128"}],"curies":[{"name":"wp","href":"https:\/\/api.w.org\/{rel}","templated":true}]}}