{"id":131,"date":"2013-08-09T19:15:52","date_gmt":"2013-08-09T18:15:52","guid":{"rendered":"http:\/\/www.gite-du-prieure.be\/?page_id=131"},"modified":"2016-10-25T00:04:36","modified_gmt":"2016-10-24T23:04:36","slug":"vind-ons","status":"publish","type":"page","link":"https:\/\/www.gite-du-prieure.be\/nl\/vind-ons\/","title":{"rendered":"Vind ons"},"content":{"rendered":"<h2>ons adres<\/h2>\n<p>Straat Regni\u00e9 Durette, 11<\/p>\n<p>5101 Erpent<\/p>\n<div class=\"sc-separator type-thin\"><\/div>\n<h2>Komende vanuit Luxemburg<\/h2>\n<ul>\n<li>Op de E411, afrit n \u00b0 15<\/li>\n<li>volg \u00a0&#8220;Jambes&#8221; en neem &#8220;Chauss\u00e9e de Li\u00e8ge&#8221;<\/li>\n<li>Na 200 meter neemt u de eerste straat links (Erpent Val)<\/li>\n<li>de straat Erpent Val (1km)<\/li>\n<li>op de top van de heuvel, neemt u de eerste straat links.<\/li>\n<\/ul>\n<h2>Vanuit Brussel &#8211; Luik &#8211; Charleroi<\/h2>\n<ul>\n<li>de E411, afrit n \u00b0 15<\/li>\n<li>volg \u00a0&#8220;Jambes&#8221; en neem &#8220;Chauss\u00e9e de Li\u00e8ge&#8221;<\/li>\n<li>Na 200 meter neemt u de eerste straat links (Erpent Val)<\/li>\n<li>de straat Erpent Val (1km)<\/li>\n<li>op de top van de heuvel, neemt u de eerste straat links.<\/li>\n<\/ul>\n<h2>Van Namen<\/h2>\n<ul>\n<li>neem de N4 richting &#8220;Marche-en-Famenne&#8221;<\/li>\n<li>het derde stoplicht linksaf<\/li>\n<li>beneden de Avenue des Acacias en neem de vierde straat rechts.<\/li>\n<\/ul>\n<div class=\"sc-separator type-thin\"><\/div>\n","protected":false},"excerpt":{"rendered":"<p>ons adres Straat Regni\u00e9 Durette, 11 5101 Erpent Komende vanuit Luxemburg Op de E411, afrit n \u00b0 15 volg \u00a0&#8220;Jambes&#8221; en neem &#8220;Chauss\u00e9e de&#8230;<\/p>\n","protected":false},"author":5,"featured_media":0,"parent":0,"menu_order":0,"comment_status":"open","ping_status":"open","template":"","meta":{"ngg_post_thumbnail":0,"footnotes":""},"class_list":["post-131","page","type-page","status-publish","hentry","post-item","post-even"],"yoast_head":"<!-- This site is optimized with the Yoast SEO plugin v27.5 - https:\/\/yoast.com\/product\/yoast-seo-wordpress\/ -->\n<title>Vind ons - G\u00eete du prieur\u00e9<\/title>\n<meta name=\"robots\" content=\"index, follow, max-snippet:-1, max-image-preview:large, max-video-preview:-1\" \/>\n<link rel=\"canonical\" href=\"https:\/\/www.gite-du-prieure.be\/nl\/vind-ons\/\" \/>\n<meta property=\"og:locale\" content=\"nl_NL\" \/>\n<meta property=\"og:type\" content=\"article\" \/>\n<meta property=\"og:title\" content=\"Vind ons - G\u00eete du prieur\u00e9\" \/>\n<meta property=\"og:description\" content=\"ons adres Straat Regni\u00e9 Durette, 11 5101 Erpent Komende vanuit Luxemburg Op de E411, afrit n \u00b0 15 volg \u00a0&#8220;Jambes&#8221; en neem &#8220;Chauss\u00e9e de...\" \/>\n<meta property=\"og:url\" content=\"https:\/\/www.gite-du-prieure.be\/nl\/vind-ons\/\" \/>\n<meta property=\"og:site_name\" content=\"G\u00eete du prieur\u00e9\" \/>\n<meta property=\"article:modified_time\" content=\"2016-10-24T23:04:36+00:00\" \/>\n<meta name=\"twitter:card\" content=\"summary_large_image\" \/>\n<meta name=\"twitter:label1\" content=\"Geschatte leestijd\" \/>\n\t<meta name=\"twitter:data1\" content=\"1 minuut\" \/>\n<script type=\"application\/ld+json\" class=\"yoast-schema-graph\">{\"@context\":\"https:\\\/\\\/schema.org\",\"@graph\":[{\"@type\":\"WebPage\",\"@id\":\"https:\\\/\\\/www.gite-du-prieure.be\\\/nl\\\/vind-ons\\\/\",\"url\":\"https:\\\/\\\/www.gite-du-prieure.be\\\/nl\\\/vind-ons\\\/\",\"name\":\"Vind ons - G\u00eete du prieur\u00e9\",\"isPartOf\":{\"@id\":\"https:\\\/\\\/www.gite-du-prieure.be\\\/nl\\\/#website\"},\"datePublished\":\"2013-08-09T18:15:52+00:00\",\"dateModified\":\"2016-10-24T23:04:36+00:00\",\"breadcrumb\":{\"@id\":\"https:\\\/\\\/www.gite-du-prieure.be\\\/nl\\\/vind-ons\\\/#breadcrumb\"},\"inLanguage\":\"nl-NL\",\"potentialAction\":[{\"@type\":\"ReadAction\",\"target\":[\"https:\\\/\\\/www.gite-du-prieure.be\\\/nl\\\/vind-ons\\\/\"]}]},{\"@type\":\"BreadcrumbList\",\"@id\":\"https:\\\/\\\/www.gite-du-prieure.be\\\/nl\\\/vind-ons\\\/#breadcrumb\",\"itemListElement\":[{\"@type\":\"ListItem\",\"position\":1,\"name\":\"Accueil\",\"item\":\"https:\\\/\\\/www.gite-du-prieure.be\\\/nl\\\/\"},{\"@type\":\"ListItem\",\"position\":2,\"name\":\"Vind ons\"}]},{\"@type\":\"WebSite\",\"@id\":\"https:\\\/\\\/www.gite-du-prieure.be\\\/nl\\\/#website\",\"url\":\"https:\\\/\\\/www.gite-du-prieure.be\\\/nl\\\/\",\"name\":\"G\u00eete du prieur\u00e9\",\"description\":\"Charmant vakantiehuis in Namen\",\"potentialAction\":[{\"@type\":\"SearchAction\",\"target\":{\"@type\":\"EntryPoint\",\"urlTemplate\":\"https:\\\/\\\/www.gite-du-prieure.be\\\/nl\\\/?s={search_term_string}\"},\"query-input\":{\"@type\":\"PropertyValueSpecification\",\"valueRequired\":true,\"valueName\":\"search_term_string\"}}],\"inLanguage\":\"nl-NL\"}]}<\/script>\n<!-- \/ Yoast SEO plugin. -->","yoast_head_json":{"title":"Vind ons - G\u00eete du prieur\u00e9","robots":{"index":"index","follow":"follow","max-snippet":"max-snippet:-1","max-image-preview":"max-image-preview:large","max-video-preview":"max-video-preview:-1"},"canonical":"https:\/\/www.gite-du-prieure.be\/nl\/vind-ons\/","og_locale":"nl_NL","og_type":"article","og_title":"Vind ons - G\u00eete du prieur\u00e9","og_description":"ons adres Straat Regni\u00e9 Durette, 11 5101 Erpent Komende vanuit Luxemburg Op de E411, afrit n \u00b0 15 volg \u00a0&#8220;Jambes&#8221; en neem &#8220;Chauss\u00e9e de...","og_url":"https:\/\/www.gite-du-prieure.be\/nl\/vind-ons\/","og_site_name":"G\u00eete du prieur\u00e9","article_modified_time":"2016-10-24T23:04:36+00:00","twitter_card":"summary_large_image","twitter_misc":{"Geschatte leestijd":"1 minuut"},"schema":{"@context":"https:\/\/schema.org","@graph":[{"@type":"WebPage","@id":"https:\/\/www.gite-du-prieure.be\/nl\/vind-ons\/","url":"https:\/\/www.gite-du-prieure.be\/nl\/vind-ons\/","name":"Vind ons - G\u00eete du prieur\u00e9","isPartOf":{"@id":"https:\/\/www.gite-du-prieure.be\/nl\/#website"},"datePublished":"2013-08-09T18:15:52+00:00","dateModified":"2016-10-24T23:04:36+00:00","breadcrumb":{"@id":"https:\/\/www.gite-du-prieure.be\/nl\/vind-ons\/#breadcrumb"},"inLanguage":"nl-NL","potentialAction":[{"@type":"ReadAction","target":["https:\/\/www.gite-du-prieure.be\/nl\/vind-ons\/"]}]},{"@type":"BreadcrumbList","@id":"https:\/\/www.gite-du-prieure.be\/nl\/vind-ons\/#breadcrumb","itemListElement":[{"@type":"ListItem","position":1,"name":"Accueil","item":"https:\/\/www.gite-du-prieure.be\/nl\/"},{"@type":"ListItem","position":2,"name":"Vind ons"}]},{"@type":"WebSite","@id":"https:\/\/www.gite-du-prieure.be\/nl\/#website","url":"https:\/\/www.gite-du-prieure.be\/nl\/","name":"G\u00eete du prieur\u00e9","description":"Charmant vakantiehuis in Namen","potentialAction":[{"@type":"SearchAction","target":{"@type":"EntryPoint","urlTemplate":"https:\/\/www.gite-du-prieure.be\/nl\/?s={search_term_string}"},"query-input":{"@type":"PropertyValueSpecification","valueRequired":true,"valueName":"search_term_string"}}],"inLanguage":"nl-NL"}]}},"_links":{"self":[{"href":"https:\/\/www.gite-du-prieure.be\/nl\/wp-json\/wp\/v2\/pages\/131","targetHints":{"allow":["GET"]}}],"collection":[{"href":"https:\/\/www.gite-du-prieure.be\/nl\/wp-json\/wp\/v2\/pages"}],"about":[{"href":"https:\/\/www.gite-du-prieure.be\/nl\/wp-json\/wp\/v2\/types\/page"}],"author":[{"embeddable":true,"href":"https:\/\/www.gite-du-prieure.be\/nl\/wp-json\/wp\/v2\/users\/5"}],"replies":[{"embeddable":true,"href":"https:\/\/www.gite-du-prieure.be\/nl\/wp-json\/wp\/v2\/comments?post=131"}],"version-history":[{"count":0,"href":"https:\/\/www.gite-du-prieure.be\/nl\/wp-json\/wp\/v2\/pages\/131\/revisions"}],"wp:attachment":[{"href":"https:\/\/www.gite-du-prieure.be\/nl\/wp-json\/wp\/v2\/media?parent=131"}],"curies":[{"name":"wp","href":"https:\/\/api.w.org\/{rel}","templated":true}]}}