{"id":145,"date":"2013-08-09T19:43:54","date_gmt":"2013-08-09T18:43:54","guid":{"rendered":"http:\/\/www.gite-du-prieure.be\/?page_id=145"},"modified":"2014-04-26T15:05:42","modified_gmt":"2014-04-26T14:05:42","slug":"prijs","status":"publish","type":"page","link":"https:\/\/www.gite-du-prieure.be\/nl\/prijs\/","title":{"rendered":"Prijs"},"content":{"rendered":"\n<table id=\"tablepress-3\" class=\"tablepress tablepress-id-3\">\n<thead>\n<tr class=\"row-1\">\n\t<th class=\"column-1\">Periode<\/th><th class=\"column-2\">Prijs<\/th>\n<\/tr>\n<\/thead>\n<tbody class=\"row-striping row-hover\">\n<tr class=\"row-2\">\n\t<td class=\"column-1\">1 nacht<\/td><td class=\"column-2\">110\u20ac<\/td>\n<\/tr>\n<tr class=\"row-3\">\n\t<td class=\"column-1\">Week-end<\/td><td class=\"column-2\">220\u20ac<\/td>\n<\/tr>\n<tr class=\"row-4\">\n\t<td class=\"column-1\">Waarborg<\/td><td class=\"column-2\">200\u20ac<\/td>\n<\/tr>\n<tr class=\"row-5\">\n\t<td class=\"column-1\">Kosten<\/td><td class=\"column-2\">Inbegrepen<\/td>\n<\/tr>\n<tr class=\"row-6\">\n\t<td class=\"column-1\">Schoonmaak<\/td><td class=\"column-2\">Inbegrepen<\/td>\n<\/tr>\n<\/tbody>\n<\/table>\n<!-- #tablepress-3 from cache -->\n<div class=\"sc-separator type-thin\"><\/div>\n<p><strong>Mid- week<\/strong>\u00a0:\u00a0van maandag 16:00 tot vrijdag 11:00<\/p>\n<p><strong>Week<\/strong>\u00a0:\u00a0van maandag 16:00 tot zondag 11:00<\/p>\n<p><strong>Week-end<\/strong>\u00a0:\u00a0van vrijdag 16:00 tot zondag 11:00<\/p>\n<div class=\"sc-separator type-thin\"><\/div>\n<p><a href=\"http:\/\/www.gite-du-prieure.be\/wp-content\/uploads\/2013\/08\/non_fumeur.jpg\"><img loading=\"lazy\" decoding=\"async\" alt=\"non fumeur\" src=\"http:\/\/www.gite-du-prieure.be\/wp-content\/uploads\/2013\/08\/non_fumeur.jpg\" width=\"50\" height=\"47\" \/><\/a>\u00a0<img loading=\"lazy\" decoding=\"async\" alt=\"Animaux non admis\" src=\"http:\/\/www.gite-du-prieure.be\/wp-content\/uploads\/2013\/08\/pas_animaux.jpg\" width=\"50\" height=\"44\" \/><\/p>\n<p><a href=\"http:\/\/www.gite-du-prieure.be\/wp-content\/uploads\/2013\/08\/gite_rural_3_epis.png\"><img loading=\"lazy\" decoding=\"async\" class=\"size-thumbnail wp-image-308 alignnone\" alt=\"Notre g\u00eete \u00e0 3 \u00e9pis\" src=\"http:\/\/www.gite-du-prieure.be\/wp-content\/uploads\/2013\/08\/gite_rural_3_epis-150x150.png\" width=\"150\" height=\"150\" \/><\/a><\/p>\n","protected":false},"excerpt":{"rendered":"<p>Mid- week\u00a0:\u00a0van maandag 16:00 tot vrijdag 11:00 Week\u00a0:\u00a0van maandag 16:00 tot zondag 11:00 Week-end\u00a0:\u00a0van vrijdag 16:00 tot zondag 11:00 \u00a0<\/p>\n","protected":false},"author":5,"featured_media":0,"parent":0,"menu_order":0,"comment_status":"open","ping_status":"open","template":"","meta":{"ngg_post_thumbnail":0,"footnotes":""},"class_list":["post-145","page","type-page","status-publish","hentry","post-item","post-even"],"yoast_head":"<!-- This site is optimized with the Yoast SEO plugin v27.4 - https:\/\/yoast.com\/product\/yoast-seo-wordpress\/ -->\n<title>Prijs - G\u00eete du prieur\u00e9<\/title>\n<meta name=\"robots\" content=\"index, follow, max-snippet:-1, max-image-preview:large, max-video-preview:-1\" \/>\n<link rel=\"canonical\" href=\"https:\/\/www.gite-du-prieure.be\/nl\/prijs\/\" \/>\n<meta property=\"og:locale\" content=\"nl_NL\" \/>\n<meta property=\"og:type\" content=\"article\" \/>\n<meta property=\"og:title\" content=\"Prijs - G\u00eete du prieur\u00e9\" \/>\n<meta property=\"og:description\" content=\"Mid- week\u00a0:\u00a0van maandag 16:00 tot vrijdag 11:00 Week\u00a0:\u00a0van maandag 16:00 tot zondag 11:00 Week-end\u00a0:\u00a0van vrijdag 16:00 tot zondag 11:00 \u00a0\" \/>\n<meta property=\"og:url\" content=\"https:\/\/www.gite-du-prieure.be\/nl\/prijs\/\" \/>\n<meta property=\"og:site_name\" content=\"G\u00eete du prieur\u00e9\" \/>\n<meta property=\"article:modified_time\" content=\"2014-04-26T14:05:42+00:00\" \/>\n<meta property=\"og:image\" content=\"http:\/\/www.gite-du-prieure.be\/wp-content\/uploads\/2013\/08\/non_fumeur.jpg\" \/>\n<meta name=\"twitter:card\" content=\"summary_large_image\" \/>\n<script type=\"application\/ld+json\" class=\"yoast-schema-graph\">{\"@context\":\"https:\\\/\\\/schema.org\",\"@graph\":[{\"@type\":\"WebPage\",\"@id\":\"https:\\\/\\\/www.gite-du-prieure.be\\\/nl\\\/prijs\\\/\",\"url\":\"https:\\\/\\\/www.gite-du-prieure.be\\\/nl\\\/prijs\\\/\",\"name\":\"Prijs - G\u00eete du prieur\u00e9\",\"isPartOf\":{\"@id\":\"https:\\\/\\\/www.gite-du-prieure.be\\\/nl\\\/#website\"},\"primaryImageOfPage\":{\"@id\":\"https:\\\/\\\/www.gite-du-prieure.be\\\/nl\\\/prijs\\\/#primaryimage\"},\"image\":{\"@id\":\"https:\\\/\\\/www.gite-du-prieure.be\\\/nl\\\/prijs\\\/#primaryimage\"},\"thumbnailUrl\":\"http:\\\/\\\/www.gite-du-prieure.be\\\/wp-content\\\/uploads\\\/2013\\\/08\\\/non_fumeur.jpg\",\"datePublished\":\"2013-08-09T18:43:54+00:00\",\"dateModified\":\"2014-04-26T14:05:42+00:00\",\"breadcrumb\":{\"@id\":\"https:\\\/\\\/www.gite-du-prieure.be\\\/nl\\\/prijs\\\/#breadcrumb\"},\"inLanguage\":\"nl-NL\",\"potentialAction\":[{\"@type\":\"ReadAction\",\"target\":[\"https:\\\/\\\/www.gite-du-prieure.be\\\/nl\\\/prijs\\\/\"]}]},{\"@type\":\"ImageObject\",\"inLanguage\":\"nl-NL\",\"@id\":\"https:\\\/\\\/www.gite-du-prieure.be\\\/nl\\\/prijs\\\/#primaryimage\",\"url\":\"http:\\\/\\\/www.gite-du-prieure.be\\\/wp-content\\\/uploads\\\/2013\\\/08\\\/non_fumeur.jpg\",\"contentUrl\":\"http:\\\/\\\/www.gite-du-prieure.be\\\/wp-content\\\/uploads\\\/2013\\\/08\\\/non_fumeur.jpg\"},{\"@type\":\"BreadcrumbList\",\"@id\":\"https:\\\/\\\/www.gite-du-prieure.be\\\/nl\\\/prijs\\\/#breadcrumb\",\"itemListElement\":[{\"@type\":\"ListItem\",\"position\":1,\"name\":\"Accueil\",\"item\":\"https:\\\/\\\/www.gite-du-prieure.be\\\/nl\\\/\"},{\"@type\":\"ListItem\",\"position\":2,\"name\":\"Prijs\"}]},{\"@type\":\"WebSite\",\"@id\":\"https:\\\/\\\/www.gite-du-prieure.be\\\/nl\\\/#website\",\"url\":\"https:\\\/\\\/www.gite-du-prieure.be\\\/nl\\\/\",\"name\":\"G\u00eete du prieur\u00e9\",\"description\":\"Charmant vakantiehuis in Namen\",\"potentialAction\":[{\"@type\":\"SearchAction\",\"target\":{\"@type\":\"EntryPoint\",\"urlTemplate\":\"https:\\\/\\\/www.gite-du-prieure.be\\\/nl\\\/?s={search_term_string}\"},\"query-input\":{\"@type\":\"PropertyValueSpecification\",\"valueRequired\":true,\"valueName\":\"search_term_string\"}}],\"inLanguage\":\"nl-NL\"}]}<\/script>\n<!-- \/ Yoast SEO plugin. -->","yoast_head_json":{"title":"Prijs - G\u00eete du prieur\u00e9","robots":{"index":"index","follow":"follow","max-snippet":"max-snippet:-1","max-image-preview":"max-image-preview:large","max-video-preview":"max-video-preview:-1"},"canonical":"https:\/\/www.gite-du-prieure.be\/nl\/prijs\/","og_locale":"nl_NL","og_type":"article","og_title":"Prijs - G\u00eete du prieur\u00e9","og_description":"Mid- week\u00a0:\u00a0van maandag 16:00 tot vrijdag 11:00 Week\u00a0:\u00a0van maandag 16:00 tot zondag 11:00 Week-end\u00a0:\u00a0van vrijdag 16:00 tot zondag 11:00 \u00a0","og_url":"https:\/\/www.gite-du-prieure.be\/nl\/prijs\/","og_site_name":"G\u00eete du prieur\u00e9","article_modified_time":"2014-04-26T14:05:42+00:00","og_image":[{"url":"http:\/\/www.gite-du-prieure.be\/wp-content\/uploads\/2013\/08\/non_fumeur.jpg","type":"","width":"","height":""}],"twitter_card":"summary_large_image","schema":{"@context":"https:\/\/schema.org","@graph":[{"@type":"WebPage","@id":"https:\/\/www.gite-du-prieure.be\/nl\/prijs\/","url":"https:\/\/www.gite-du-prieure.be\/nl\/prijs\/","name":"Prijs - G\u00eete du prieur\u00e9","isPartOf":{"@id":"https:\/\/www.gite-du-prieure.be\/nl\/#website"},"primaryImageOfPage":{"@id":"https:\/\/www.gite-du-prieure.be\/nl\/prijs\/#primaryimage"},"image":{"@id":"https:\/\/www.gite-du-prieure.be\/nl\/prijs\/#primaryimage"},"thumbnailUrl":"http:\/\/www.gite-du-prieure.be\/wp-content\/uploads\/2013\/08\/non_fumeur.jpg","datePublished":"2013-08-09T18:43:54+00:00","dateModified":"2014-04-26T14:05:42+00:00","breadcrumb":{"@id":"https:\/\/www.gite-du-prieure.be\/nl\/prijs\/#breadcrumb"},"inLanguage":"nl-NL","potentialAction":[{"@type":"ReadAction","target":["https:\/\/www.gite-du-prieure.be\/nl\/prijs\/"]}]},{"@type":"ImageObject","inLanguage":"nl-NL","@id":"https:\/\/www.gite-du-prieure.be\/nl\/prijs\/#primaryimage","url":"http:\/\/www.gite-du-prieure.be\/wp-content\/uploads\/2013\/08\/non_fumeur.jpg","contentUrl":"http:\/\/www.gite-du-prieure.be\/wp-content\/uploads\/2013\/08\/non_fumeur.jpg"},{"@type":"BreadcrumbList","@id":"https:\/\/www.gite-du-prieure.be\/nl\/prijs\/#breadcrumb","itemListElement":[{"@type":"ListItem","position":1,"name":"Accueil","item":"https:\/\/www.gite-du-prieure.be\/nl\/"},{"@type":"ListItem","position":2,"name":"Prijs"}]},{"@type":"WebSite","@id":"https:\/\/www.gite-du-prieure.be\/nl\/#website","url":"https:\/\/www.gite-du-prieure.be\/nl\/","name":"G\u00eete du prieur\u00e9","description":"Charmant vakantiehuis in Namen","potentialAction":[{"@type":"SearchAction","target":{"@type":"EntryPoint","urlTemplate":"https:\/\/www.gite-du-prieure.be\/nl\/?s={search_term_string}"},"query-input":{"@type":"PropertyValueSpecification","valueRequired":true,"valueName":"search_term_string"}}],"inLanguage":"nl-NL"}]}},"_links":{"self":[{"href":"https:\/\/www.gite-du-prieure.be\/nl\/wp-json\/wp\/v2\/pages\/145","targetHints":{"allow":["GET"]}}],"collection":[{"href":"https:\/\/www.gite-du-prieure.be\/nl\/wp-json\/wp\/v2\/pages"}],"about":[{"href":"https:\/\/www.gite-du-prieure.be\/nl\/wp-json\/wp\/v2\/types\/page"}],"author":[{"embeddable":true,"href":"https:\/\/www.gite-du-prieure.be\/nl\/wp-json\/wp\/v2\/users\/5"}],"replies":[{"embeddable":true,"href":"https:\/\/www.gite-du-prieure.be\/nl\/wp-json\/wp\/v2\/comments?post=145"}],"version-history":[{"count":0,"href":"https:\/\/www.gite-du-prieure.be\/nl\/wp-json\/wp\/v2\/pages\/145\/revisions"}],"wp:attachment":[{"href":"https:\/\/www.gite-du-prieure.be\/nl\/wp-json\/wp\/v2\/media?parent=145"}],"curies":[{"name":"wp","href":"https:\/\/api.w.org\/{rel}","templated":true}]}}